{"id":90,"date":"2024-04-13T06:13:38","date_gmt":"2024-04-13T04:13:38","guid":{"rendered":"https:\/\/darumarie.com\/index.php\/about\/"},"modified":"2024-11-18T11:37:29","modified_gmt":"2024-11-18T10:37:29","slug":"apropos","status":"publish","type":"page","link":"https:\/\/darumarie.com\/index.php\/apropos\/","title":{"rendered":"A propos"},"content":{"rendered":"\t\t<div data-elementor-type=\"wp-page\" data-elementor-id=\"90\" class=\"elementor elementor-90\" data-elementor-post-type=\"page\">\n\t\t\t\t<div class=\"elementor-element elementor-element-8437942 e-con-full e-flex e-con e-parent\" data-id=\"8437942\" data-element_type=\"container\" data-settings=\"{&quot;background_background&quot;:&quot;classic&quot;}\">\n\t\t\t\t<div class=\"elementor-element elementor-element-43025ce elementor-widget__width-inherit elementor-headline--style-highlight elementor-widget elementor-widget-animated-headline\" data-id=\"43025ce\" data-element_type=\"widget\" data-settings=\"{&quot;highlighted_text&quot;:&quot;Marie&quot;,&quot;headline_style&quot;:&quot;highlight&quot;,&quot;marker&quot;:&quot;circle&quot;,&quot;loop&quot;:&quot;yes&quot;,&quot;highlight_animation_duration&quot;:1200,&quot;highlight_iteration_delay&quot;:8000}\" data-widget_type=\"animated-headline.default\">\n\t\t\t\t<div class=\"elementor-widget-container\">\n\t\t\t\t\t\t\t<h3 class=\"elementor-headline\">\n\t\t\t\t\t<span class=\"elementor-headline-plain-text elementor-headline-text-wrapper\">Hello, moi c'est<\/span>\n\t\t\t\t<span class=\"elementor-headline-dynamic-wrapper elementor-headline-text-wrapper\">\n\t\t\t\t\t<span class=\"elementor-headline-dynamic-text elementor-headline-text-active\">Marie<\/span>\n\t\t\t\t<\/span>\n\t\t\t\t\t<span class=\"elementor-headline-plain-text elementor-headline-text-wrapper\">!<\/span>\n\t\t\t\t\t<\/h3>\n\t\t\t\t\t\t<\/div>\n\t\t\t\t<\/div>\n\t\t\t\t<\/div>\n\t\t<div class=\"elementor-element elementor-element-722ebd98 e-con-full e-flex e-con e-parent\" data-id=\"722ebd98\" data-element_type=\"container\">\n\t\t<div class=\"elementor-element elementor-element-1f83445e e-con-full e-flex e-con e-child\" data-id=\"1f83445e\" data-element_type=\"container\">\n\t\t\t\t<div class=\"elementor-element elementor-element-2c07a556 elementor-widget elementor-widget-text-editor\" data-id=\"2c07a556\" data-element_type=\"widget\" data-widget_type=\"text-editor.default\">\n\t\t\t\t<div class=\"elementor-widget-container\">\n\t\t\t\t\t\t\t\t\t<p>Je m&rsquo;appelle Marie Bonni\u00e8re et je suis graphiste, directrice artistique, et illustratrice freelance. Je vis et cr\u00e9e entre Paris et Lille depuis 4 ans.<\/p><p>\u00a0<\/p><h2><span style=\"font-style: var( --e-global-typography-text-font-style ); word-spacing: var( --e-global-typography-text-word-spacing ); text-decoration: var( --e-global-typography-text-text-decoration ); text-align: var(--text-align);\">De la communication aux pixels<\/span><\/h2><p><span style=\"color: #3e3783; font-family: var( --e-global-typography-text-font-family ), Sans-serif; font-size: var( --e-global-typography-text-font-size ); font-style: var( --e-global-typography-text-font-style ); font-weight: var( --e-global-typography-text-font-weight ); letter-spacing: var( --e-global-typography-text-letter-spacing ); word-spacing: var( --e-global-typography-text-word-spacing ); text-decoration: var( --e-global-typography-text-text-decoration ); text-align: var(--text-align);\">Apr\u00e8s un master en communication et m\u00e9dias \u00e0 Sciences Po Paris, j\u2019ai d\u00e9velopp\u00e9 mes comp\u00e9tences cr\u00e9atives \u00a0aux Gobelins, o\u00f9 j\u2019ai d\u00e9finitivement \u00a0plong\u00e9 dans le monde du design graphique.<\/span><\/p><p>Que ce soit dans le jeu vid\u00e9o chez Ubisoft, la dermocosm\u00e9tique chez le laboratoire SVR, pour des clients divers en agence ou \u00e0 mon compte, j\u2019ai touch\u00e9 \u00e0 de nombreux \u00a0domaines : de la strat\u00e9gie de contenu au design de packaging, en passant par le motion design ou l&rsquo;habillage de lieux et plus encore&#8230;<\/p><p>Ce parcours un peu atypique me permet de m&rsquo;adapter rapidement et de comprendre les enjeux de mes clients, quels qu&rsquo;ils soient.<\/p><h2>\u00a0<\/h2><h2><span style=\"font-style: var( --e-global-typography-text-font-style ); word-spacing: var( --e-global-typography-text-word-spacing ); text-decoration: var( --e-global-typography-text-text-decoration ); text-align: var(--text-align);\">Services cr\u00e9atifs \u00e0 la carte<\/span><\/h2><p>Aujourd&rsquo;hui, je suis heureuse de mettre toutes ces <span style=\"font-family: var( --e-global-typography-text-font-family ), Sans-serif; font-size: var( --e-global-typography-text-font-size ); font-style: var( --e-global-typography-text-font-style ); letter-spacing: var( --e-global-typography-text-letter-spacing ); word-spacing: var( --e-global-typography-text-word-spacing ); text-decoration: var( --e-global-typography-text-text-decoration );\">exp\u00e9riences au service de vos projets.<\/span><\/p><p>Besoin d&rsquo;un logo qui claque, d&rsquo;une charte graphique qui vous ressemble, ou d&rsquo;une illustration qui raconte votre histoire ? C&rsquo;est par ici ! J&rsquo;adore explorer de nouveaux univers et chaque projet est une nouvelle aventure.<\/p><p>Curieuse et toujours pr\u00eate \u00e0 apprendre, je suis l\u00e0 pour booster votre communication visuelle et faire briller votre marque.<\/p><p>Pour jeter un \u0153il \u00e0 mes travaux ou simplement discuter de votre prochain projet, laissez-vous guider !<\/p><p>\u00c0 bient\u00f4t pour cr\u00e9er ensemble quelque chose d&rsquo;unique\u00a0<\/p>\t\t\t\t\t\t\t\t<\/div>\n\t\t\t\t<\/div>\n\t\t\t\t<\/div>\n\t\t\t\t<div class=\"elementor-element elementor-element-8eecb1a elementor-widget__width-inherit elementor-widget elementor-widget-image\" data-id=\"8eecb1a\" data-element_type=\"widget\" data-widget_type=\"image.default\">\n\t\t\t\t<div class=\"elementor-widget-container\">\n\t\t\t\t\t\t\t\t\t\t\t\t\t\t\t<img fetchpriority=\"high\" decoding=\"async\" width=\"747\" height=\"1024\" src=\"https:\/\/darumarie.com\/wp-content\/uploads\/2024\/04\/moi_fondpapier-747x1024.png\" class=\"attachment-large size-large wp-image-274\" alt=\"Marie Bonni\u00e8re, graphiste, directrice artistique, illustratrice\" srcset=\"https:\/\/darumarie.com\/wp-content\/uploads\/2024\/04\/moi_fondpapier-747x1024.png 747w, https:\/\/darumarie.com\/wp-content\/uploads\/2024\/04\/moi_fondpapier-219x300.png 219w, https:\/\/darumarie.com\/wp-content\/uploads\/2024\/04\/moi_fondpapier.png 750w\" sizes=\"(max-width: 747px) 100vw, 747px\" \/>\t\t\t\t\t\t\t\t\t\t\t\t\t\t\t<\/div>\n\t\t\t\t<\/div>\n\t\t\t\t<\/div>\n\t\t<div class=\"elementor-element elementor-element-6c87d36 e-flex e-con-boxed e-con e-parent\" data-id=\"6c87d36\" data-element_type=\"container\">\n\t\t\t\t\t<div class=\"e-con-inner\">\n\t\t<div class=\"elementor-element elementor-element-9a4d365 e-con-full e-flex e-con e-child\" data-id=\"9a4d365\" data-element_type=\"container\">\n\t\t\t\t<div class=\"elementor-element elementor-element-0d52023 elementor-align-center elementor-invisible elementor-widget elementor-widget-button\" data-id=\"0d52023\" data-element_type=\"widget\" data-settings=\"{&quot;_animation&quot;:&quot;fadeIn&quot;,&quot;_animation_delay&quot;:400}\" data-widget_type=\"button.default\">\n\t\t\t\t<div class=\"elementor-widget-container\">\n\t\t\t\t\t\t\t\t\t<div class=\"elementor-button-wrapper\">\n\t\t\t\t\t<a class=\"elementor-button elementor-button-link elementor-size-sm\" href=\"https:\/\/darumarie.com\/index.php\/portfolio\/\">\n\t\t\t\t\t\t<span class=\"elementor-button-content-wrapper\">\n\t\t\t\t\t\t\t\t\t<span class=\"elementor-button-text\">PORTFOLIO<\/span>\n\t\t\t\t\t<\/span>\n\t\t\t\t\t<\/a>\n\t\t\t\t<\/div>\n\t\t\t\t\t\t\t\t<\/div>\n\t\t\t\t<\/div>\n\t\t\t\t<\/div>\n\t\t<div class=\"elementor-element elementor-element-4480562 e-con-full e-flex e-con e-child\" data-id=\"4480562\" data-element_type=\"container\">\n\t\t\t\t<div class=\"elementor-element elementor-element-c7dd81b elementor-align-center elementor-invisible elementor-widget elementor-widget-button\" data-id=\"c7dd81b\" data-element_type=\"widget\" data-settings=\"{&quot;_animation&quot;:&quot;fadeIn&quot;,&quot;_animation_delay&quot;:400}\" data-widget_type=\"button.default\">\n\t\t\t\t<div class=\"elementor-widget-container\">\n\t\t\t\t\t\t\t\t\t<div class=\"elementor-button-wrapper\">\n\t\t\t\t\t<a class=\"elementor-button elementor-button-link elementor-size-sm\" href=\"https:\/\/darumarie.com\/index.php\/contact-us\/\">\n\t\t\t\t\t\t<span class=\"elementor-button-content-wrapper\">\n\t\t\t\t\t\t\t\t\t<span class=\"elementor-button-text\">Contactez-moi<\/span>\n\t\t\t\t\t<\/span>\n\t\t\t\t\t<\/a>\n\t\t\t\t<\/div>\n\t\t\t\t\t\t\t\t<\/div>\n\t\t\t\t<\/div>\n\t\t\t\t<\/div>\n\t\t\t\t\t<\/div>\n\t\t\t\t<\/div>\n\t\t\t\t<\/div>\n\t\t","protected":false},"excerpt":{"rendered":"<p>Hello, moi c&rsquo;est Marie ! Je m&rsquo;appelle Marie Bonni\u00e8re et je suis graphiste, directrice artistique, et illustratrice freelance. Je vis et cr\u00e9e entre Paris et Lille depuis 4 ans. \u00a0 De la communication aux pixels Apr\u00e8s un master en communication et m\u00e9dias \u00e0 Sciences Po Paris, j\u2019ai d\u00e9velopp\u00e9 mes comp\u00e9tences cr\u00e9atives \u00a0aux Gobelins, o\u00f9 j\u2019ai [&hellip;]<\/p>\n","protected":false},"author":1,"featured_media":0,"parent":0,"menu_order":0,"comment_status":"closed","ping_status":"closed","template":"","meta":{"om_disable_all_campaigns":false,"_monsterinsights_skip_tracking":false,"_monsterinsights_sitenote_active":false,"_monsterinsights_sitenote_note":"","_monsterinsights_sitenote_category":0,"_uf_show_specific_survey":0,"_uf_disable_surveys":false,"footnotes":""},"class_list":["post-90","page","type-page","status-publish","hentry"],"aioseo_notices":[],"jetpack_sharing_enabled":true,"_links":{"self":[{"href":"https:\/\/darumarie.com\/index.php\/wp-json\/wp\/v2\/pages\/90"}],"collection":[{"href":"https:\/\/darumarie.com\/index.php\/wp-json\/wp\/v2\/pages"}],"about":[{"href":"https:\/\/darumarie.com\/index.php\/wp-json\/wp\/v2\/types\/page"}],"author":[{"embeddable":true,"href":"https:\/\/darumarie.com\/index.php\/wp-json\/wp\/v2\/users\/1"}],"replies":[{"embeddable":true,"href":"https:\/\/darumarie.com\/index.php\/wp-json\/wp\/v2\/comments?post=90"}],"version-history":[{"count":57,"href":"https:\/\/darumarie.com\/index.php\/wp-json\/wp\/v2\/pages\/90\/revisions"}],"predecessor-version":[{"id":968,"href":"https:\/\/darumarie.com\/index.php\/wp-json\/wp\/v2\/pages\/90\/revisions\/968"}],"wp:attachment":[{"href":"https:\/\/darumarie.com\/index.php\/wp-json\/wp\/v2\/media?parent=90"}],"curies":[{"name":"wp","href":"https:\/\/api.w.org\/{rel}","templated":true}]}}